{"id":3457,"date":"2021-05-19T16:31:17","date_gmt":"2021-05-19T21:31:17","guid":{"rendered":"https:\/\/tisalud.com.mx\/politica-privacidad\/"},"modified":"2025-11-20T14:28:18","modified_gmt":"2025-11-20T20:28:18","slug":"privacy-policy","status":"publish","type":"page","link":"https:\/\/tisalud.com.mx\/en\/privacy-policy\/","title":{"rendered":"Privacy Policy"},"content":{"rendered":"\t\t<div data-elementor-type=\"wp-page\" data-elementor-id=\"3457\" class=\"elementor elementor-3457 elementor-3\" data-elementor-post-type=\"page\">\n\t\t\t\t<div class=\"elementor-element elementor-element-20959e5a e-flex e-con-boxed e-con e-parent\" data-id=\"20959e5a\" data-element_type=\"container\">\n\t\t\t\t\t<div class=\"e-con-inner\">\n\t\t\t\t<div class=\"elementor-element elementor-element-1c75841 elementor-widget elementor-widget-heading\" data-id=\"1c75841\" data-element_type=\"widget\" data-widget_type=\"heading.default\">\n\t\t\t\t<div class=\"elementor-widget-container\">\n\t\t\t\t\t<h2 class=\"elementor-heading-title elementor-size-default\">Privacy Notice<\/h2>\t\t\t\t<\/div>\n\t\t\t\t<\/div>\n\t\t\t\t<div class=\"elementor-element elementor-element-16cde0d elementor-widget elementor-widget-text-editor\" data-id=\"16cde0d\" data-element_type=\"widget\" data-widget_type=\"text-editor.default\">\n\t\t\t\t<div class=\"elementor-widget-container\">\n\t\t\t\t\t\t\t\t\t<p>Tecnolog\u00eda e Inform\u00e1tica para la Salud SA de CV, located at Durango 243 int 701, Colonia Roma Norte, Cuauht\u00e9moc, 06700 Mexico City, Mexico, in accordance with the provisions of the Federal Law on the Protection of Personal Data Held by Private Parties, makes available to our clients, suppliers, employees and the general public, our Privacy Notice.<\/p><p> The personal data you provide is used strictly for the performance of our company&#39;s functions and will not be transferred to third parties under any circumstances.<\/p><p> The personal data you provide is used strictly for the performance of our company&#39;s functions, and will under no circumstances be transferred to third parties, such as:<\/p><ul><li> Sending commercial information.<\/li><li> Contracting processes with the company as clients, potential clients, suppliers, potential suppliers, workers, potential workers and\/or service providers, potential service providers.<\/li><li> Administrative management and internal use.<\/li><li> Identify him and verify the accuracy of the data provided<\/li><li> Contact him effectively<\/li><li> Register him\/her as a supplier or customer<\/li><li> Conduct due diligence activities<\/li><li> Conduct supplier evaluations<\/li><li> Maintain, develop, manage, control and fulfill the contractual relationship<\/li><li> Issue the corresponding tax receipts<\/li><li> To ensure the physical safety and protection of visitors to our offices\/facilities<\/li><li> Create, order, catalog, classify, divide, separate and store data and files of the Holders.<\/li><li> Prevention, investigation and handling of fraudulent activities and\/or any other type of criminal activity.<\/li><li> For filing lawsuits, responding to lawsuits and monitoring legal proceedings of all kinds in defense of the rights of the Data Controller or any of our subsidiaries, associates and collaborating entities.<\/li><li> To collect the information, where applicable, required by anti-money laundering legislation.<\/li><li> Complementary activities necessary for the achievement of the above purposes.<\/li><li> Marketing, advertising, promotion, commercial prospecting, referral processes, the preparation, evaluation and analysis of user profiles for the development and offering of new products, conducting surveys unrelated to our products, analytical and statistical purposes, all of them related to the services of the Controller, partners and other third parties.<br \/> Conducting satisfaction surveys: Using the Holder&#39;s data to carry out satisfaction surveys in order to obtain feedback on the quality of the products, and improve the Holder&#39;s experience.<br \/> Have photographic or video evidence of the events carried out by the Responsible Party.<\/li><\/ul>\t\t\t\t\t\t\t\t<\/div>\n\t\t\t\t<\/div>\n\t\t\t\t<div class=\"elementor-element elementor-element-3a79f04 elementor-widget elementor-widget-text-editor\" data-id=\"3a79f04\" data-element_type=\"widget\" data-widget_type=\"text-editor.default\">\n\t\t\t\t<div class=\"elementor-widget-container\">\n\t\t\t\t\t\t\t\t\t<p>The personal data we may collect includes, among others:<\/p><ul><li> Full name<\/li><li> Birthdate<\/li><li> Place of birth<\/li><li> Nationality<\/li><li> Gender<\/li><li> Address and, where applicable, tax domicile<\/li><li> Federal Taxpayer Registry<\/li><li> Unique Population Registry Code (CURP)<\/li><li> Email address (personal and\/or work)<\/li><li> Handwritten and electronic signature<\/li><li> Information contained in your official identification<\/li><li> Marital status<\/li><li> Phone numbers (home, mobile, work)<\/li><li> Financial and billing information<\/li><li> Legal information<\/li><li> Tax information (including proof of tax status)<\/li><li> Educational level and certifications<\/li><li> Professional license<\/li><li> Physical image or video recording (upon entering our facilities or registering as a supplier or client)<\/li><li> History and references<\/li><li> Letters of recommendation<br \/><br \/><\/li><\/ul><p> The sensitive personal data that we may collect from patients in observational studies and\/or those participating in Real-World Evidence studies are:<\/p><ul><li> Medical conditions resulting from the use of any product under study by the Data Controller<\/li><li> Medical History<\/li><li> Updated health status<\/li><\/ul>\t\t\t\t\t\t\t\t<\/div>\n\t\t\t\t<\/div>\n\t\t\t\t<div class=\"elementor-element elementor-element-fb091c2 elementor-widget elementor-widget-text-editor\" data-id=\"fb091c2\" data-element_type=\"widget\" data-widget_type=\"text-editor.default\">\n\t\t\t\t<div class=\"elementor-widget-container\">\n\t\t\t\t\t\t\t\t\t<p>As the data subject, you have the following rights:<\/p><ul><li> Access your personal data<\/li><li> Correct inaccurate or incomplete data<\/li><li> Cancel or delete your data, in certain cases<\/li><li> Object to the processing of your data<\/li><li> Data portability<\/li><li> Limit the processing of your data<\/li><\/ul>\t\t\t\t\t\t\t\t<\/div>\n\t\t\t\t<\/div>\n\t\t\t\t<div class=\"elementor-element elementor-element-8021021 elementor-widget elementor-widget-text-editor\" data-id=\"8021021\" data-element_type=\"widget\" data-widget_type=\"text-editor.default\">\n\t\t\t\t<div class=\"elementor-widget-container\">\n\t\t\t\t\t\t\t\t\t<p>To exercise these rights, you can send a request to the email: <a href=\"mailto:seguridad@tisalud.com.mx\" target=\"_blank\" rel=\"noopener\">seguridad@tisalud.com.mx<\/a> or to our physical address: Durango 243 int. 701, Colonia Roma Norte, Alcald\u00eda Cuauht\u00e9moc, CP 06700, Mexico City, Mexico, from now on to express to exercise any of the rights mentioned above.<\/p><p> Personal data will be retained for the time necessary to fulfill the purposes described above and for the period required by applicable law. TECNOLOGIA E INFORMATICA PARA LA SALUD, SA DE CV will implement reasonable organizational and technical security measures to prevent the loss, misuse, alteration, or unlawful disclosure of your information and Personal Data, and we require our staff, clients, and service providers to comply with these measures.<\/p><p> This Privacy Notice may be modified, changed, or updated due to the needs of the Data Controller, the products we offer, our privacy practices, changes in our business model, or other reasons, as well as updates to applicable legislation. In the event of any modifications to this Privacy Notice, we will keep you informed through our official website and social media channels.<\/p>\t\t\t\t\t\t\t\t<\/div>\n\t\t\t\t<\/div>\n\t\t\t\t<div class=\"elementor-element elementor-element-9c0aab9 elementor-widget elementor-widget-text-editor\" data-id=\"9c0aab9\" data-element_type=\"widget\" data-widget_type=\"text-editor.default\">\n\t\t\t\t<div class=\"elementor-widget-container\">\n\t\t\t\t\t\t\t\t\t<p>Last updated July 15, 202<\/p>\t\t\t\t\t\t\t\t<\/div>\n\t\t\t\t<\/div>\n\t\t\t\t\t<\/div>\n\t\t\t\t<\/div>\n\t\t\t\t<\/div>\n\t\t","protected":false},"excerpt":{"rendered":"<p>Privacy Notice Tecnolog\u00eda e Inform\u00e1tica para la Salud SA de CV, located at Durango 243 int 701, Colonia Roma Norte, Cuauht\u00e9moc, 06700 Mexico City, Mexico, in accordance with the provisions of the Federal Law on the Protection of Personal Data Held by Private Parties, makes available to our clients, suppliers, employees and the general public, [&hellip;]<\/p>\n","protected":false},"author":1,"featured_media":0,"parent":0,"menu_order":0,"comment_status":"closed","ping_status":"open","template":"","meta":{"footnotes":""},"class_list":["post-3457","page","type-page","status-publish","hentry"],"yoast_head":"<!-- This site is optimized with the Yoast SEO Premium plugin v26.4 (Yoast SEO v26.4) - https:\/\/yoast.com\/wordpress\/plugins\/seo\/ -->\n<title>Privacy Policy - TIS<\/title>\n<meta name=\"robots\" content=\"index, follow, max-snippet:-1, max-image-preview:large, max-video-preview:-1\" \/>\n<link rel=\"canonical\" href=\"https:\/\/tisalud.com.mx\/en\/privacy-policy\/\" \/>\n<meta property=\"og:locale\" content=\"en_US\" \/>\n<meta property=\"og:type\" content=\"article\" \/>\n<meta property=\"og:title\" content=\"Privacy Policy\" \/>\n<meta property=\"og:description\" content=\"Privacy Notice Tecnolog\u00eda e Inform\u00e1tica para la Salud SA de CV, located at Durango 243 int 701, Colonia Roma Norte, Cuauht\u00e9moc, 06700 Mexico City, Mexico, in accordance with the provisions of the Federal Law on the Protection of Personal Data Held by Private Parties, makes available to our clients, suppliers, employees and the general public, [&hellip;]\" \/>\n<meta property=\"og:url\" content=\"https:\/\/tisalud.com.mx\/en\/privacy-policy\/\" \/>\n<meta property=\"og:site_name\" content=\"TIS\" \/>\n<meta property=\"article:modified_time\" content=\"2025-11-20T20:28:18+00:00\" \/>\n<meta name=\"twitter:card\" content=\"summary_large_image\" \/>\n<meta name=\"twitter:label1\" content=\"Est. reading time\" \/>\n\t<meta name=\"twitter:data1\" content=\"4 minutes\" \/>\n<script type=\"application\/ld+json\" class=\"yoast-schema-graph\">{\"@context\":\"https:\/\/schema.org\",\"@graph\":[{\"@type\":\"WebPage\",\"@id\":\"https:\/\/tisalud.com.mx\/en\/privacy-policy\/\",\"url\":\"https:\/\/tisalud.com.mx\/en\/privacy-policy\/\",\"name\":\"Privacy Policy - TIS\",\"isPartOf\":{\"@id\":\"https:\/\/tisalud.com.mx\/#website\"},\"datePublished\":\"2021-05-19T21:31:17+00:00\",\"dateModified\":\"2025-11-20T20:28:18+00:00\",\"breadcrumb\":{\"@id\":\"https:\/\/tisalud.com.mx\/en\/privacy-policy\/#breadcrumb\"},\"inLanguage\":\"en-US\",\"potentialAction\":[{\"@type\":\"ReadAction\",\"target\":[\"https:\/\/tisalud.com.mx\/en\/privacy-policy\/\"]}]},{\"@type\":\"BreadcrumbList\",\"@id\":\"https:\/\/tisalud.com.mx\/en\/privacy-policy\/#breadcrumb\",\"itemListElement\":[{\"@type\":\"ListItem\",\"position\":1,\"name\":\"Portada\",\"item\":\"https:\/\/tisalud.com.mx\/\"},{\"@type\":\"ListItem\",\"position\":2,\"name\":\"Privacy Policy\"}]},{\"@type\":\"WebSite\",\"@id\":\"https:\/\/tisalud.com.mx\/#website\",\"url\":\"https:\/\/tisalud.com.mx\/\",\"name\":\"TIS\",\"description\":\"Tecnolog\u00eda e Informaci\u00f3n para la Salud\",\"potentialAction\":[{\"@type\":\"SearchAction\",\"target\":{\"@type\":\"EntryPoint\",\"urlTemplate\":\"https:\/\/tisalud.com.mx\/?s={search_term_string}\"},\"query-input\":{\"@type\":\"PropertyValueSpecification\",\"valueRequired\":true,\"valueName\":\"search_term_string\"}}],\"inLanguage\":\"en-US\"}]}<\/script>\n<!-- \/ Yoast SEO Premium plugin. -->","yoast_head_json":{"title":"Privacy Policy - TIS","robots":{"index":"index","follow":"follow","max-snippet":"max-snippet:-1","max-image-preview":"max-image-preview:large","max-video-preview":"max-video-preview:-1"},"canonical":"https:\/\/tisalud.com.mx\/en\/privacy-policy\/","og_locale":"en_US","og_type":"article","og_title":"Privacy Policy","og_description":"Privacy Notice Tecnolog\u00eda e Inform\u00e1tica para la Salud SA de CV, located at Durango 243 int 701, Colonia Roma Norte, Cuauht\u00e9moc, 06700 Mexico City, Mexico, in accordance with the provisions of the Federal Law on the Protection of Personal Data Held by Private Parties, makes available to our clients, suppliers, employees and the general public, [&hellip;]","og_url":"https:\/\/tisalud.com.mx\/en\/privacy-policy\/","og_site_name":"TIS","article_modified_time":"2025-11-20T20:28:18+00:00","twitter_card":"summary_large_image","twitter_misc":{"Est. reading time":"4 minutes"},"schema":{"@context":"https:\/\/schema.org","@graph":[{"@type":"WebPage","@id":"https:\/\/tisalud.com.mx\/en\/privacy-policy\/","url":"https:\/\/tisalud.com.mx\/en\/privacy-policy\/","name":"Privacy Policy - TIS","isPartOf":{"@id":"https:\/\/tisalud.com.mx\/#website"},"datePublished":"2021-05-19T21:31:17+00:00","dateModified":"2025-11-20T20:28:18+00:00","breadcrumb":{"@id":"https:\/\/tisalud.com.mx\/en\/privacy-policy\/#breadcrumb"},"inLanguage":"en-US","potentialAction":[{"@type":"ReadAction","target":["https:\/\/tisalud.com.mx\/en\/privacy-policy\/"]}]},{"@type":"BreadcrumbList","@id":"https:\/\/tisalud.com.mx\/en\/privacy-policy\/#breadcrumb","itemListElement":[{"@type":"ListItem","position":1,"name":"Portada","item":"https:\/\/tisalud.com.mx\/"},{"@type":"ListItem","position":2,"name":"Privacy Policy"}]},{"@type":"WebSite","@id":"https:\/\/tisalud.com.mx\/#website","url":"https:\/\/tisalud.com.mx\/","name":"TIS","description":"Tecnolog\u00eda e Informaci\u00f3n para la Salud","potentialAction":[{"@type":"SearchAction","target":{"@type":"EntryPoint","urlTemplate":"https:\/\/tisalud.com.mx\/?s={search_term_string}"},"query-input":{"@type":"PropertyValueSpecification","valueRequired":true,"valueName":"search_term_string"}}],"inLanguage":"en-US"}]}},"_links":{"self":[{"href":"https:\/\/tisalud.com.mx\/en\/wp-json\/wp\/v2\/pages\/3457","targetHints":{"allow":["GET"]}}],"collection":[{"href":"https:\/\/tisalud.com.mx\/en\/wp-json\/wp\/v2\/pages"}],"about":[{"href":"https:\/\/tisalud.com.mx\/en\/wp-json\/wp\/v2\/types\/page"}],"author":[{"embeddable":true,"href":"https:\/\/tisalud.com.mx\/en\/wp-json\/wp\/v2\/users\/1"}],"replies":[{"embeddable":true,"href":"https:\/\/tisalud.com.mx\/en\/wp-json\/wp\/v2\/comments?post=3457"}],"version-history":[{"count":0,"href":"https:\/\/tisalud.com.mx\/en\/wp-json\/wp\/v2\/pages\/3457\/revisions"}],"wp:attachment":[{"href":"https:\/\/tisalud.com.mx\/en\/wp-json\/wp\/v2\/media?parent=3457"}],"curies":[{"name":"wp","href":"https:\/\/api.w.org\/{rel}","templated":true}]}}